{"id":22301,"date":"2021-05-06T03:28:37","date_gmt":"2021-05-06T03:28:37","guid":{"rendered":"https:\/\/wpbingosite.com\/wordpress\/mojuri\/?post_type=product&#038;p=22301"},"modified":"2022-11-14T13:16:23","modified_gmt":"2022-11-14T13:16:23","slug":"crema-hidratante-facial","status":"publish","type":"product","link":"https:\/\/byanatural.cl\/site\/index.php\/product\/crema-hidratante-facial\/","title":{"rendered":"Crema hidratante facial"},"content":{"rendered":"<h2>CUIDADO FACIAL<\/h2>\n<p>La l\u00ednea de cosm\u00e9tica natural B&amp;A est\u00e1 inspirado en el poder de hidratar la piel y con un alto nivel de absorci\u00f3n. ya que act\u00faa contra la sequedad y el envejecimiento cut\u00e1neo.<\/p>\n<p>Utilizado con regularidad, ayuda a evitar las arrugas prematuras y retrasa la aparici\u00f3n de las arrugas propias de la edad.<\/p>\n<h3><\/h3>\n<h3>CREMA HIDRATANTE FACIAL<\/h3>\n<p>Delicada y fresca crema, Extra hidratante y nutritiva, dise\u00f1ada para prevenir el envejecimiento prematuro y la aparici\u00f3n de arrugas, Combate la oxidaci\u00f3n, logrando una piel revitalizada e iluminada.<\/p>\n<p>La combinaci\u00f3n de sus principios activos que la componen: \u00c1cido graso esencial de Jojoba, Aloe vera, Manzanilla, Flor de azahar y t\u00e9 verde. Ayudan a oxigenar, sanar y rejuvenecer la piel maltratada y desgastada por el medio ambiente.<\/p>\n<p>Sus activos penetran profundamente en la piel del rostro.<\/p>\n<p>&nbsp;<\/p>\n<p>Su Plus: Textura untuosa penetra r\u00e1pidamente en la piel.<\/p>\n<p>Consejos de aplicaci\u00f3n:\u00a0Su aplicaci\u00f3n es de uso diario, ma\u00f1ana y noche en rostro, cuello y escote.<\/p>\n<p>* Recomendado para todo tipo de piel.<\/p>\n<p>* No testeado en animal<\/p>\n<p>&nbsp;<\/p>\n<h4>BENEFICIOS<\/h4>\n<ul>\n<li>Hidrataci\u00f3n continua<\/li>\n<li>No comedog\u00e9nica: No obstruye poros<\/li>\n<li>R\u00e1pida absorci\u00f3n<\/li>\n<\/ul>\n<p>&nbsp;<\/p>\n<h5>MODO DE USO<\/h5>\n<ul>\n<li>Con tu dedo anular e \u00edndice aplicar el producto en rostro con peque\u00f1os toques y movimientos ascendentes.<\/li>\n<li>Usar en tu rutina diaria por la ma\u00f1ana, luego de limpiar tu rostro.<\/li>\n<\/ul>\n","protected":false},"excerpt":{"rendered":"<p>Lorem ipsum dolor sit amet, consectetur adipiscing elit, sed do eiusmod tempor incididunt ut labore et dolore magna aliqua. Ut enim ad minim veniam, quis nostrud exercitation ullamco laboris nisi ut aliquip ex ea commodo consequat. Duis aute irure dolor in reprehenderit in voluptate velit esse cillum dolore eu fugiat nulla pariatur.<\/p>\n","protected":false},"featured_media":27511,"template":"","meta":[],"product_cat":[148,108],"product_tag":[],"class_list":["post-22301","product","type-product","status-publish","has-post-thumbnail","hentry","product_cat-locion","product_cat-shop-earrings"],"_links":{"self":[{"href":"https:\/\/byanatural.cl\/site\/index.php\/wp-json\/wp\/v2\/product\/22301","targetHints":{"allow":["GET"]}}],"collection":[{"href":"https:\/\/byanatural.cl\/site\/index.php\/wp-json\/wp\/v2\/product"}],"about":[{"href":"https:\/\/byanatural.cl\/site\/index.php\/wp-json\/wp\/v2\/types\/product"}],"version-history":[{"count":2,"href":"https:\/\/byanatural.cl\/site\/index.php\/wp-json\/wp\/v2\/product\/22301\/revisions"}],"predecessor-version":[{"id":27631,"href":"https:\/\/byanatural.cl\/site\/index.php\/wp-json\/wp\/v2\/product\/22301\/revisions\/27631"}],"wp:featuredmedia":[{"embeddable":true,"href":"https:\/\/byanatural.cl\/site\/index.php\/wp-json\/wp\/v2\/media\/27511"}],"wp:attachment":[{"href":"https:\/\/byanatural.cl\/site\/index.php\/wp-json\/wp\/v2\/media?parent=22301"}],"wp:term":[{"taxonomy":"product_cat","embeddable":true,"href":"https:\/\/byanatural.cl\/site\/index.php\/wp-json\/wp\/v2\/product_cat?post=22301"},{"taxonomy":"product_tag","embeddable":true,"href":"https:\/\/byanatural.cl\/site\/index.php\/wp-json\/wp\/v2\/product_tag?post=22301"}],"curies":[{"name":"wp","href":"https:\/\/api.w.org\/{rel}","templated":true}]}}