{"id":27504,"date":"2022-08-09T16:38:12","date_gmt":"2022-08-09T16:38:12","guid":{"rendered":"https:\/\/byanatural.cl\/site\/?post_type=product&#038;p=27504"},"modified":"2022-11-14T13:15:18","modified_gmt":"2022-11-14T13:15:18","slug":"locion-virginal","status":"publish","type":"product","link":"https:\/\/byanatural.cl\/site\/index.php\/product\/locion-virginal\/","title":{"rendered":"Loci\u00f3n Virginal"},"content":{"rendered":"<p>Loci\u00f3n limpiadora de uso diario.<br \/>\nAdem\u00e1s cumple la funci\u00f3n de hidratar y suavizar, se basa en mezclas que contiene:<br \/>\nglicerina que otorga un efecto humectante, Benju\u00ed que tiene propiedades higienizantes y descongestivas, agua de rosas que aporta suavidad a la piel.<\/p>\n<h2>Sus Beneficios:<\/h2>\n<ul>\n<li>Es antis\u00e9ptico<\/li>\n<li>Astringente,<\/li>\n<li>Hidratante y protector cut\u00e1neo.<\/li>\n<li>Ayuda a mejorar los signos de cansancio y alivia la hinchaz\u00f3n de los p\u00e1rpados.<\/li>\n<li>Puede ser utilizada sobre cualquier \u00e1rea del cuerpo.<\/li>\n<li>No contiene alcohol<\/li>\n<li>No testeada en animales.<\/li>\n<\/ul>\n","protected":false},"excerpt":{"rendered":"<p>Loci\u00f3n limpiadora de uso diario.<br \/>\nAdem\u00e1s cumple la funci\u00f3n de hidratar y suavizar, se basa en mezclas que contiene:<br \/>\nglicerina que otorga un efecto humectante, Benju\u00ed que tiene propiedades higienizantes y descongestivas, agua de rosas que aporta suavidad a la piel.<\/p>\n<h3><strong>Modo de uso:<\/strong><\/h3>\n<p>Humedecer un algod\u00f3n y aplicar sobre la piel con peque\u00f1os toques, o puedes rociar todo el rostro y d\u00e9jalo secar hasta su total absorci\u00f3n, una vez que se haya absorbido completamente aplicas tu crema facial hidratante y listo. Repetir esta rutina diariamente.<\/p>\n<p>Se puede aplicar en rostro, cuello, manos y partes del cuerpo que requieren hidrataci\u00f3n preferentemente despu\u00e9s del ba\u00f1o.<\/p>\n<h4>Consejo de uso:<\/h4>\n<p>En pieles secas y sensibles, se puede aplicar por la ma\u00f1ana y por las noches.<\/p>\n<ul>\n<li>Puede ser utilizado tambi\u00e9n para fijar el maquillaje.<\/li>\n<\/ul>\n","protected":false},"featured_media":27508,"template":"","meta":[],"product_cat":[148,108],"product_tag":[],"class_list":["post-27504","product","type-product","status-publish","has-post-thumbnail","hentry","product_cat-locion","product_cat-shop-earrings"],"_links":{"self":[{"href":"https:\/\/byanatural.cl\/site\/index.php\/wp-json\/wp\/v2\/product\/27504","targetHints":{"allow":["GET"]}}],"collection":[{"href":"https:\/\/byanatural.cl\/site\/index.php\/wp-json\/wp\/v2\/product"}],"about":[{"href":"https:\/\/byanatural.cl\/site\/index.php\/wp-json\/wp\/v2\/types\/product"}],"version-history":[{"count":1,"href":"https:\/\/byanatural.cl\/site\/index.php\/wp-json\/wp\/v2\/product\/27504\/revisions"}],"predecessor-version":[{"id":27630,"href":"https:\/\/byanatural.cl\/site\/index.php\/wp-json\/wp\/v2\/product\/27504\/revisions\/27630"}],"wp:featuredmedia":[{"embeddable":true,"href":"https:\/\/byanatural.cl\/site\/index.php\/wp-json\/wp\/v2\/media\/27508"}],"wp:attachment":[{"href":"https:\/\/byanatural.cl\/site\/index.php\/wp-json\/wp\/v2\/media?parent=27504"}],"wp:term":[{"taxonomy":"product_cat","embeddable":true,"href":"https:\/\/byanatural.cl\/site\/index.php\/wp-json\/wp\/v2\/product_cat?post=27504"},{"taxonomy":"product_tag","embeddable":true,"href":"https:\/\/byanatural.cl\/site\/index.php\/wp-json\/wp\/v2\/product_tag?post=27504"}],"curies":[{"name":"wp","href":"https:\/\/api.w.org\/{rel}","templated":true}]}}